{"id":214,"date":"2018-11-30T17:27:26","date_gmt":"2018-11-30T16:27:26","guid":{"rendered":"http:\/\/nextup-forum.com\/?page_id=214"},"modified":"2025-08-19T08:47:37","modified_gmt":"2025-08-19T06:47:37","slug":"3eme-edition-le-19-octobre-2020","status":"publish","type":"page","link":"https:\/\/valeurs-familiales-gilbertdupont.fr\/","title":{"rendered":"Forum 2025"},"content":{"rendered":"\t\t<div class=\"elementor elementor-214\">\n\t\t\t<div class=\"elementor-inner\">\n\t\t\t\t<div class=\"elementor-section-wrap\">\n\t\t\t\t\t\t\t<section data-id=\"21446280\" class=\"elementor-element elementor-element-21446280 elementor-section-boxed elementor-section-height-default elementor-section-height-default elementor-section elementor-top-section\" data-element_type=\"section\">\n\t\t\t\t\t\t<div class=\"elementor-container elementor-column-gap-default\">\n\t\t\t\t<div class=\"elementor-row\">\n\t\t\t\t<div data-id=\"61b3ef12\" class=\"elementor-element elementor-element-61b3ef12 elementor-column elementor-col-100 elementor-top-column\" data-element_type=\"column\">\n\t\t\t<div class=\"elementor-column-wrap elementor-element-populated\">\n\t\t\t\t\t<div class=\"elementor-widget-wrap\">\n\t\t\t\t<div data-id=\"10f43b1\" class=\"elementor-element elementor-element-10f43b1 elementor-widget elementor-widget-text-editor\" data-element_type=\"text-editor.default\">\n\t\t\t\t<div class=\"elementor-widget-container\">\n\t\t\t\t\t<div class=\"elementor-text-editor elementor-clearfix\"><h1 style=\"font-size: 2.5em; text-align: left;\"><span style=\"color: #e60028;\">Pr\u00e9sentation du forum<\/span><\/h1><p>La <strong>soci\u00e9t\u00e9 de Bourse Gilbert Dupont<\/strong> organise le\u00a0<strong>mardi<\/strong>\u00a0<strong>04 novembre 2025<\/strong> son Forum Valeurs Familiales au Ch\u00e2teauform\u2019City Monceau Rio, 4 place Rio de Janeiro, Paris 8\u00e8me.<\/p><p>Les dirigeants de Small et Midcaps cot\u00e9es sur Euronext ou Euronext Growth viendront pr\u00e9senter les perspectives de leur entreprise aux g\u00e9rants institutionnels et priv\u00e9s.<\/p><p>Ces rencontres se d\u00e9rouleront tout au long de la journ\u00e9e, sous forme de \u00ab\u00a0one-to-one\u00a0\u00bb et de \u00ab\u00a0group meeting\u00a0\u00bb.<\/p><p><strong>Gilbert Dupont<\/strong> s&rsquo;est impos\u00e9 comme leader sur le segment des Small &amp; Midcaps pour occuper aujourd&rsquo;hui une position unique sur le march\u00e9 et concentre sur ce segment des ressources d\u00e9di\u00e9es plus importantes que la plupart des brokers g\u00e9n\u00e9ralistes.<\/p><\/div>\n\t\t\t\t<\/div>\n\t\t\t\t<\/div>\n\t\t\t\t\t\t<\/div>\n\t\t\t<\/div>\n\t\t<\/div>\n\t\t\t\t\t\t<\/div>\n\t\t\t<\/div>\n\t\t<\/section>\n\t\t\t\t\t\t<\/div>\n\t\t\t<\/div>\n\t\t<\/div>\n\t\t","protected":false},"excerpt":{"rendered":"<p>Pr\u00e9sentation du forum La soci\u00e9t\u00e9 de Bourse Gilbert Dupont organise le\u00a0mardi\u00a004 novembre 2025 son Forum Valeurs Familiales au Ch\u00e2teauform\u2019City Monceau Rio, 4 place Rio de Janeiro, Paris 8\u00e8me. Les dirigeants de Small et Midcaps cot\u00e9es sur Euronext ou Euronext Growth viendront pr\u00e9senter les perspectives de leur entreprise aux g\u00e9rants institutionnels et priv\u00e9s. Ces rencontres se &hellip; <\/p>\n<p class=\"link-more\"><a href=\"https:\/\/valeurs-familiales-gilbertdupont.fr\/\" class=\"more-link\">Continuer la lecture<span class=\"screen-reader-text\"> de &laquo;&nbsp;Forum 2025&nbsp;&raquo;<\/span><\/a><\/p>\n","protected":false},"author":1,"featured_media":0,"parent":0,"menu_order":0,"comment_status":"closed","ping_status":"closed","template":"","meta":[],"_links":{"self":[{"href":"https:\/\/valeurs-familiales-gilbertdupont.fr\/index.php\/wp-json\/wp\/v2\/pages\/214"}],"collection":[{"href":"https:\/\/valeurs-familiales-gilbertdupont.fr\/index.php\/wp-json\/wp\/v2\/pages"}],"about":[{"href":"https:\/\/valeurs-familiales-gilbertdupont.fr\/index.php\/wp-json\/wp\/v2\/types\/page"}],"author":[{"embeddable":true,"href":"https:\/\/valeurs-familiales-gilbertdupont.fr\/index.php\/wp-json\/wp\/v2\/users\/1"}],"replies":[{"embeddable":true,"href":"https:\/\/valeurs-familiales-gilbertdupont.fr\/index.php\/wp-json\/wp\/v2\/comments?post=214"}],"version-history":[{"count":45,"href":"https:\/\/valeurs-familiales-gilbertdupont.fr\/index.php\/wp-json\/wp\/v2\/pages\/214\/revisions"}],"predecessor-version":[{"id":764,"href":"https:\/\/valeurs-familiales-gilbertdupont.fr\/index.php\/wp-json\/wp\/v2\/pages\/214\/revisions\/764"}],"wp:attachment":[{"href":"https:\/\/valeurs-familiales-gilbertdupont.fr\/index.php\/wp-json\/wp\/v2\/media?parent=214"}],"curies":[{"name":"wp","href":"https:\/\/api.w.org\/{rel}","templated":true}]}}